{"id":73222,"date":"2021-05-20T12:59:44","date_gmt":"2021-05-20T10:59:44","guid":{"rendered":"https:\/\/bibliotecaangelica.cultura.gov.it\/antique-periodicals-fund\/"},"modified":"2025-11-14T15:26:53","modified_gmt":"2025-11-14T14:26:53","slug":"antique-periodicals-fund","status":"publish","type":"page","link":"https:\/\/bibliotecaangelica.cultura.gov.it\/en\/antique-fund\/antique-periodicals-fund\/","title":{"rendered":"Antique Periodicals Collection"},"content":{"rendered":"<p>[et_pb_section fb_built=&#8221;1&#8243; admin_label=&#8221;section&#8221; _builder_version=&#8221;4.16&#8243; global_colors_info=&#8221;{}&#8221; theme_builder_area=&#8221;post_content&#8221; custom_padding=&#8221;30px|||||&#8221;][et_pb_row admin_label=&#8221;row&#8221; _builder_version=&#8221;4.16&#8243; background_size=&#8221;initial&#8221; background_position=&#8221;top_left&#8221; background_repeat=&#8221;repeat&#8221; global_colors_info=&#8221;{}&#8221; theme_builder_area=&#8221;post_content&#8221;][et_pb_column type=&#8221;4_4&#8243; _builder_version=&#8221;4.16&#8243; custom_padding=&#8221;|||&#8221; global_colors_info=&#8221;{}&#8221; custom_padding__hover=&#8221;|||&#8221; theme_builder_area=&#8221;post_content&#8221;][et_pb_text admin_label=&#8221;Text&#8221; _builder_version=&#8221;4.23.4&#8243; background_size=&#8221;initial&#8221; background_position=&#8221;top_left&#8221; background_repeat=&#8221;repeat&#8221; hover_enabled=&#8221;0&#8243; global_colors_info=&#8221;{}&#8221; theme_builder_area=&#8221;post_content&#8221; text_font_size=&#8221;16px&#8221; sticky_enabled=&#8221;0&#8243;]<\/p>\n<h2 style=\"text-align: left;\"><\/h2>\n<p><a href=\"http:\/\/bibliotecaangelica.cultura.gov.it\/wp-content\/uploads\/2021\/05\/cache_cache_194d8721736f745d388d69d112de08bc_8bd73e2add03048f2d77eb27963013bd.jpg\"><img loading=\"lazy\" decoding=\"async\" class=\"alignleft wp-image-156 size-full\" title=\"Giornale de' letterati d'Italia, Venice 1710\" src=\"http:\/\/bibliotecaangelica.cultura.gov.it\/wp-content\/uploads\/2021\/05\/cache_cache_194d8721736f745d388d69d112de08bc_8bd73e2add03048f2d77eb27963013bd.jpg\" alt=\"\" width=\"155\" height=\"296\"><\/a><\/p>\n<p>There are 163 ancient periodicals preserved in the Angelica Library, mainly dated between the second half of the 17th century and the first half of the 18th century: these are very often complete specimens, to some extent found, in Italy or Rome, only in the Angelica Library.<\/p>\n<p>Alongside a clear predominance of learned journals, the &#8220;biblioth\u00e8ques savantes,&#8221; and literary journals such as the <em>M\u00e9moires de litt\u00e9rature<\/em> (1715-1717) or the <em>M\u00e9moires historiques et critiques<\/em> (1722), the collection also preserves general information journals-in the fields of fine-letters, sciences, history, religion, social life-historical and political journals, specialized newspapers (in &#8220;Sciences and Arts,&#8221; in &#8220;Religion,&#8221; or in &#8220;Bibliography&#8221;), &#8220;mercuri,&#8221; gazettes and newspapers of the &#8220;Spectator&#8221; type, or of the &#8220;Choix litt\u00e9raire&#8221; type.<\/p>\n<p>Within the aforementioned variety most represented in the collection-that is, learned and literary journals-noteworthy is the collection of Francophone journals and gazettes published in Holland by the French Huguenots, following the revocation of the Edict of Nantes (1685).<\/p>\n<p>The original and most numerous nucleus of periodicals preserved in Angelica belonged to <a href=\"http:\/\/bibliotecaangelica.cultura.gov.it\/?page_id=121\">Domenico Passionei<\/a>&#8216;s private library, and reflected, even in this, in the broad and open perspective of the selection of newspapers it contained, the richest and freest bibliographic endowment that could be had in Rome, in the heart of Catholic intransigence.<\/p>\n<p>[\/et_pb_text][\/et_pb_column][\/et_pb_row][\/et_pb_section]<\/p>\n","protected":false},"excerpt":{"rendered":"<p>There are 163 ancient periodicals preserved in the Angelica Library, mainly dated between the second half of the 17th century and the first half of the 18th century: these are very often complete specimens, to some extent found, in Italy or Rome, only in the Angelica Library. Alongside a clear predominance of learned journals, the &#8220;biblioth\u00e8ques savantes,&#8221; and literary journals such as the M\u00e9moires de litt\u00e9rature (1715-1717) or the M\u00e9moires historiques et critiques (1722), the collection also preserves general information journals-in the fields of fine-letters, sciences, history, religion, social life-historical and political journals, specialized newspapers (in &#8220;Sciences and Arts,&#8221; in &#8220;Religion,&#8221; or in &#8220;Bibliography&#8221;), &#8220;mercuri,&#8221; gazettes and newspapers of the &#8220;Spectator&#8221; type, or of the &#8220;Choix litt\u00e9raire&#8221; type. Within the aforementioned variety most represented in the collection-that is, learned and literary journals-noteworthy is the collection of Francophone journals and gazettes published in Holland by the French Huguenots, following the revocation of the Edict of Nantes (1685). The original and most numerous nucleus of periodicals preserved in Angelica belonged to Domenico Passionei&#8217;s private library, and reflected, even in this, in the broad and open perspective of the selection of newspapers it contained, the richest and freest bibliographic endowment that could be [&hellip;]<\/p>\n","protected":false},"author":2,"featured_media":0,"parent":73247,"menu_order":0,"comment_status":"closed","ping_status":"closed","template":"","meta":{"_et_pb_use_builder":"on","_et_pb_old_content":"","_et_gb_content_width":"","_helpful_status":1,"footnotes":""},"class_list":["post-73222","page","type-page","status-publish","hentry"],"_links":{"self":[{"href":"https:\/\/bibliotecaangelica.cultura.gov.it\/en\/wp-json\/wp\/v2\/pages\/73222","targetHints":{"allow":["GET"]}}],"collection":[{"href":"https:\/\/bibliotecaangelica.cultura.gov.it\/en\/wp-json\/wp\/v2\/pages"}],"about":[{"href":"https:\/\/bibliotecaangelica.cultura.gov.it\/en\/wp-json\/wp\/v2\/types\/page"}],"author":[{"embeddable":true,"href":"https:\/\/bibliotecaangelica.cultura.gov.it\/en\/wp-json\/wp\/v2\/users\/2"}],"replies":[{"embeddable":true,"href":"https:\/\/bibliotecaangelica.cultura.gov.it\/en\/wp-json\/wp\/v2\/comments?post=73222"}],"version-history":[{"count":1,"href":"https:\/\/bibliotecaangelica.cultura.gov.it\/en\/wp-json\/wp\/v2\/pages\/73222\/revisions"}],"predecessor-version":[{"id":256560,"href":"https:\/\/bibliotecaangelica.cultura.gov.it\/en\/wp-json\/wp\/v2\/pages\/73222\/revisions\/256560"}],"up":[{"embeddable":true,"href":"https:\/\/bibliotecaangelica.cultura.gov.it\/en\/wp-json\/wp\/v2\/pages\/73247"}],"wp:attachment":[{"href":"https:\/\/bibliotecaangelica.cultura.gov.it\/en\/wp-json\/wp\/v2\/media?parent=73222"}],"curies":[{"name":"wp","href":"https:\/\/api.w.org\/{rel}","templated":true}]}}