{"id":73247,"date":"2021-07-08T10:09:38","date_gmt":"2021-07-08T08:09:38","guid":{"rendered":"https:\/\/bibliotecaangelica.cultura.gov.it\/antique-fund\/"},"modified":"2026-02-24T10:16:44","modified_gmt":"2026-02-24T09:16:44","slug":"antique-fund","status":"publish","type":"page","link":"https:\/\/bibliotecaangelica.cultura.gov.it\/en\/antique-fund\/","title":{"rendered":"Antique Fund"},"content":{"rendered":"<p>[et_pb_section fb_built=&#8221;1&#8243; admin_label=&#8221;section&#8221; _builder_version=&#8221;4.16&#8243; global_colors_info=&#8221;{}&#8221; theme_builder_area=&#8221;post_content&#8221;][et_pb_row _builder_version=&#8221;4.23.1&#8243; _module_preset=&#8221;default&#8221; global_colors_info=&#8221;{}&#8221; theme_builder_area=&#8221;post_content&#8221;][et_pb_column type=&#8221;4_4&#8243; _builder_version=&#8221;4.23.1&#8243; _module_preset=&#8221;default&#8221; global_colors_info=&#8221;{}&#8221; theme_builder_area=&#8221;post_content&#8221;][zinv_drop_cap dropcap_background_color=&#8221;#B30107&#8243; _builder_version=&#8221;4.27.5&#8243; _module_preset=&#8221;default&#8221; text_font_size=&#8221;16px&#8221; dropcap_font=&#8221;Old london||||||||&#8221; dropcap_text_color=&#8221;#FFFFFF&#8221; custom_padding=&#8221;30px|15px|30px|15px|true|false&#8221; hover_enabled=&#8221;0&#8243; global_colors_info=&#8221;{}&#8221; theme_builder_area=&#8221;post_content&#8221; sticky_enabled=&#8221;0&#8243;]<\/p>\n<p>The Angelica Library&#8217;s antique collection consists of more than 100,000 volumes published between the 15th and 19th centuries.<\/p>\n<p>There are approximately 1,100 <a href=\"https:\/\/bibliotecaangelica.cultura.gov.it\/en\/antique-fund\/incunabula\/\" title=\"Incunabula\"><strong>incunabula<\/strong><\/a>, including: Cicero&#8217;s <em>De Oratore<\/em>, the first book printed in Italy in Subiaco in 1465 (Inc. 505\/3), St. Augustine&#8217;s <em>De Civitate Dei<\/em>, printed in Subiaco in 1467 (Inc. 149), a copy of the first Italian edition of Pliny&#8217;s <span><em><a href=\"https:\/\/bibliotecaangelica.cultura.gov.it\/historia-naturalis\/\">Historia naturalis<\/a><\/em><\/span> printed in Venice in 1476 (Inc. 530), a copy of the first edition of the <em>Divine Comedy<\/em>, printed in Foligno in 1472 (Inc. 448), and Francesco Colonna&#8217;s <em>Hypnerotomachia Poliphili<\/em>, printed by Aldo Manuzio in Venice in 1499 (Inc. 590).<\/p>\n<p>There are approximately 20,000 <strong><a href=\"https:\/\/bibliotecaangelica.cultura.gov.it\/en\/antique-fund\/cinquecentine\/\" title=\"Cinquecentine\">cinquecentine<\/a><\/strong> books, including a rare edition of <em>Orlando Furioso<\/em>, published in Ferrara in 1521 (Rari I.3.1) and Camillo Agrippa&#8217;s <em>Trattato di scientia d&#8217;arme<\/em>, published in Rome in 1553 (Rari I.5.1).<\/p>\n<p><strong>The volumes by Angelo Rocca<\/strong><\/p>\n<p>The first substantial collection consists of volumes left in the late 16th century by <span><strong><a href=\"https:\/\/bibliotecaangelica.cultura.gov.it\/en\/biographies\/angelo-rocca\/\">Angelo Rocca<\/a><\/strong><\/span> to the convent of Sant&#8217;Agostino. These include Aristotle&#8217;s <em>Opera omnia<\/em> in the editio princeps by Aldo Manuzio, 1495-1498. <\/p>\n<p><strong>The volumes of Lucas Holstenius<\/strong><\/p>\n<p>In 1661, approximately 3,500 volumes were added, which <strong>Lucas Holstenius<\/strong> (1596-1661) left to the Library, including several works by the greatest ancient and modern geographers, which he had densely annotated.<\/p>\n<p><strong>The volumes by Enrico Noris<\/strong><\/p>\n<p>In the first half of the 18th century, special authorisation to possess <em>prohibited books<\/em> allowed works that were subject to censorship and forbidden to read to be preserved, such as the prestigious library collection of <strong>Enrico Noris<\/strong> (1631-1704), comprising around 600 volumes.<\/p>\n<p><strong>The volumes by Domenico Passionei<\/strong><\/p>\n<p>In 1762, the rich library of Cardinal <a href=\"https:\/\/bibliotecaangelica.cultura.gov.it\/en\/biographies\/domenico-passionei\/\"><span><strong>Domenico Passionei<\/strong><\/span><\/a> (1682-1761) was acquired, containing rare books, incunabula and volumes on various subjects.<\/p>\n<p><strong> <\/strong><a href=\"https:\/\/bibliotecaangelica.cultura.gov.it\/en\/antique-fund\/maximus-family-fund\/\" title=\"The volumes of the Massimo family\"><strong>The volumes of the Massimo family<\/strong><\/a><\/p>\n<p>Between 1883 and 1884, the library of Prince Camillo X Carlo Alberto Massimo (1836-1921) was purchased. The sales contract was drawn up between the then director of the Angelica Library, Ettore Novelli, and the bookseller Cioffi, who was in charge of the sale. In March 1883, the 158 printed volumes (containing approximately 428 works relating to the 16th-19th centuries, bearing witness to the social, political and cultural life of Rome) were recorded in the Angelica Library&#8217;s chronological entry register. <\/p>\n<p>&nbsp;<\/p>\n<p>For the Massimo family collection owned by the library, you can consult the catalog in <span><strong>PDF<\/strong><\/span><\/p>\n<p>&nbsp;<\/p>\n<p><a href=\"https:\/\/bibliotecaangelica.cultura.gov.it\/en\/antique-fund\/bodonian-collection\/\" title=\"Bodoni collection\"><strong>The Bodonian Coolection<\/strong><\/a><\/p>\n<p>The Bodoni collection consists of 540 items documenting the work of the Parma-based printer <strong>Giambattista Bodoni<\/strong> from his early years onwards. Most of the works were purchased in 1919 by the Venetian count Nicol\u00f2 Papadopoli, adding to the original group of about 50 Bodoni editions already present in Angelica since the late 18th century thanks to the interest of the Augustinian father <span><a href=\"https:\/\/bibliotecaangelica.cultura.gov.it\/en\/biographies\/augustine-giorgi\/\"><strong>Agostino Giorgi<\/strong><\/a><\/span>, prefect of the library from 1752 to 1797, who was an admirer of the work carried out by the young Bodoni at the Propaganda Fide Printing House. <\/p>\n<p>Among other works, the Library possesses a copy of <em>Epithalamia exoticis linguis reddita<\/em> (1775), containing a dedicatory inscription to Father Giorgi, the <em>Alphabetum Tibetanum<\/em> (1762), written by him, and the <em>Euchologion<\/em> (1764), works published by the Propaganda Fide Printing House and valuable evidence of the young Bodoni&#8217;s apprenticeship in <em>Rome<\/em>.<\/p>\n<p>&nbsp;<\/p>\n<p>For the Bodonian collection owned by the library, see the <span><strong>PDF<\/strong><\/span><\/p>\n<p><strong><\/strong><\/p>\n<p><a href=\"https:\/\/bibliotecaangelica.cultura.gov.it\/en\/antique-fund\/santangelo-fund-and-opera-booklets\/\" title=\"Santangelo Collection and Opera Librettos\"><strong>The Santangelo Collection and Opera Librettos<\/strong><\/a><\/p>\n<p>The collection of Nicola Santangelo (1785-1851), Minister of the Interior of the Kingdom of the Bourbons between 1831 and 1847, arrived at Angelica between 1873 and 1886 during the years of the transition of management from the Augustinians to the Italian State.<\/p>\n<p>The most conspicuous part of the collection consists of about 1,000 opera libretti bound in volumes together with comedies, tragedies and translations of French plays, which make up the theatrical section of the collection. Additional volumes containing academic reports and memoirs, excerpts from the proceedings of the Pontaniana Academy, the Society of History and Antiquities, or the Ercolanese Academy, in the form of pamphlets rarely exceeding 50 pages, provide an overview of 18th-century Neapolitan scientific and literary scholarship. <\/p>\n<p>The libretto texts date back to a historical period ranging from the first half of the 18th century to the second half of the 19th century. Together with a group of about 60 comedies, farces and one-act plays written for the Neapolitan mask of Pulcinella, they are a valuable testimony to southern Italian musical culture, particularly that of Naples.<\/p>\n<p>&nbsp;<\/p>\n<p>For the collection of opera libretti, please consult the <strong>PDF<\/strong> file.<\/p>\n<p>&nbsp;<\/p>\n<p><a href=\"https:\/\/bibliotecaangelica.cultura.gov.it\/en\/antique-fund\/statutes-fund\/\" title=\"Statutes Collection\"><strong>Statutes Collection<\/strong><\/a><\/p>\n<p>The Angelica Library among its collections has an important collection of statutes relating to the city of Rome.<\/p>\n<p>These are volumes and pamphlets dating chronologically from the 16th to the 19th century.<\/p>\n<p>At the end of the 19th century, an inventory was drawn up of this material, listing 1,351 items with the works arranged by \u201ckeyword\u201d under the confraternity or organisation, with an indication of the title, place, year of printing and location. Many of them relate to religious congregations that developed after the Council of Trent, with the specific aim of supporting the Catholic faith threatened by the spread of Protestantism; others relate to arts and crafts and illustrate daily life in Rome in past centuries. <\/p>\n<p>(Check the PDF version of the Statutes in Catalogues &#8211; Manuscripts &#8211; Other available tools &#8211; Headquarters and in Catalogues &#8211; Ancient Collection &#8211; Other available tools. It should be removed or ended on page 470: after page 470, nothing can be read!)<\/p>\n<p>&nbsp;<\/p>\n<p><a href=\"https:\/\/bibliotecaangelica.cultura.gov.it\/en\/antique-fund\/antique-periodicals-fund\/\" title=\"Ancient Periodicals Collection\"><strong>Ancient Periodicals Collection<\/strong><\/a><\/p>\n<p>There are more than 150 antique periodicals preserved, mainly dating from the second half of the 17th century to the first half of the 18th century. These are often complete copies, which to a certain extent are only available in Italy or Rome at the Angelica Library. <\/p>\n<p>Alongside a clear prevalence of scholarly journals, the biblioth\u00e8ques savantes, and literary journals such as the <em>M\u00e9moires de litt\u00e9rature<\/em> (1715-1717) or the <em>M\u00e9moires historiques et critiques <\/em>(1722), the collection also includes general news journals, historical and political magazines, specialised journals, mercuri, gazettes and newspapers such as the Spectator or Choix litt\u00e9raire.<\/p>\n<p>Worthy of note is the collection of French-language magazines and newspapers published in the Netherlands by French Huguenots following the revocation of the Edict of Nantes (1685).<\/p>\n<p>The original and largest collection of periodicals preserved in Angelica belonged to <span><a href=\"https:\/\/bibliotecaangelica.cultura.gov.it\/en\/biographies\/domenico-passionei\/\">Domenico Passionei&#8217;s<\/a><\/span> private library.<\/p>\n<p>&nbsp;<\/p>\n<p><a href=\"https:\/\/bibliotecaangelica.cultura.gov.it\/fondo-antico\/fondo-cartografico\/\" title=\"Cartographic Collection\"><strong><u>CARTOGRAPHIC COLLECTION<\/u><\/strong><strong> <\/strong><\/a><\/p>\n<p>&nbsp;<\/p>\n<p><strong><u><strong><a href=\"https:\/\/bibliotecaangelica.cultura.gov.it\/en\/antique-fund\/collection-of-prints-and-drawings\/\">GRAPHIC BACKGROUND<\/a><\/strong><\/u><\/strong>: <\/p>\n<p>The Angelica Library holds a large collection of prints, either loose or bound in volumes.<\/p>\n<p><span><a href=\"https:\/\/bibliotecaangelica.cultura.gov.it\/en\/biographies\/angelo-rocca\/\">Angelo Rocca&#8217;s<\/a><\/span> library contained a modest collection of prints documenting the varied interests of the Augustinian bishop.<br \/>During the French occupation, from 1799 to 1804, items were stolen from the print collection.<\/p>\n<p>Among the acquisitions and gifts of the 19th century, it is worth mentioning the <em>Iconographia Michaeliana<\/em>, an interesting collection of prints relating to the Abbey of Mont Saint Michel (approximately 480 pieces).<\/p>\n<p>[\/zinv_drop_cap][\/et_pb_column][\/et_pb_row][et_pb_row column_structure=&#8221;1_3,1_3,1_3&#8243; disabled_on=&#8221;on|on|on&#8221; _builder_version=&#8221;4.27.5&#8243; _module_preset=&#8221;default&#8221; disabled=&#8221;on&#8221; global_colors_info=&#8221;{}&#8221; theme_builder_area=&#8221;post_content&#8221;][et_pb_column type=&#8221;1_3&#8243; _builder_version=&#8221;4.23.4&#8243; _module_preset=&#8221;default&#8221; global_colors_info=&#8221;{}&#8221; theme_builder_area=&#8221;post_content&#8221;][et_pb_button button_url=&#8221;https:\/\/bibliotecaangelica.cultura.gov.it\/en\/antique-fund\/geographical-background\/&#8221; button_text=&#8221;Fondo Geografico&#8221; button_alignment=&#8221;center&#8221; _builder_version=&#8221;4.23.4&#8243; _module_preset=&#8221;default&#8221; custom_button=&#8221;on&#8221; button_text_size=&#8221;16px&#8221; button_text_color=&#8221;#FFFFFF&#8221; button_bg_color=&#8221;#B30107&#8243; button_border_radius=&#8221;10px&#8221; hover_enabled=&#8221;0&#8243; global_colors_info=&#8221;{}&#8221; theme_builder_area=&#8221;post_content&#8221; sticky_enabled=&#8221;0&#8243;][\/et_pb_button][et_pb_button button_url=&#8221;https:\/\/bibliotecaangelica.cultura.gov.it\/en\/antique-fund\/bodonian-collection\/&#8221; button_text=&#8221;Bodonian Collection&#8221; button_alignment=&#8221;center&#8221; _builder_version=&#8221;4.23.4&#8243; _module_preset=&#8221;default&#8221; custom_button=&#8221;on&#8221; button_text_size=&#8221;16px&#8221; button_text_color=&#8221;#FFFFFF&#8221; button_bg_color=&#8221;#B30107&#8243; button_border_radius=&#8221;10px&#8221; hover_enabled=&#8221;0&#8243; global_colors_info=&#8221;{}&#8221; theme_builder_area=&#8221;post_content&#8221; sticky_enabled=&#8221;0&#8243;][\/et_pb_button][et_pb_button button_url=&#8221;https:\/\/bibliotecaangelica.cultura.gov.it\/en\/antique-fund\/antique-periodicals-fund\/&#8221; button_text=&#8221;Antique Periodicals Collection&#8221; button_alignment=&#8221;center&#8221; _builder_version=&#8221;4.23.4&#8243; _module_preset=&#8221;default&#8221; custom_button=&#8221;on&#8221; button_text_size=&#8221;16px&#8221; button_text_color=&#8221;#FFFFFF&#8221; button_bg_color=&#8221;#B30107&#8243; button_border_radius=&#8221;10px&#8221; hover_enabled=&#8221;0&#8243; global_colors_info=&#8221;{}&#8221; theme_builder_area=&#8221;post_content&#8221; sticky_enabled=&#8221;0&#8243;][\/et_pb_button][\/et_pb_column][et_pb_column type=&#8221;1_3&#8243; _builder_version=&#8221;4.23.4&#8243; _module_preset=&#8221;default&#8221; global_colors_info=&#8221;{}&#8221; theme_builder_area=&#8221;post_content&#8221;][et_pb_button button_url=&#8221;https:\/\/bibliotecaangelica.cultura.gov.it\/en\/antique-fund\/incunabula\/&#8221; button_text=&#8221;Incunabula&#8221; button_alignment=&#8221;center&#8221; _builder_version=&#8221;4.23.4&#8243; _module_preset=&#8221;default&#8221; custom_button=&#8221;on&#8221; button_text_size=&#8221;16px&#8221; button_text_color=&#8221;#FFFFFF&#8221; button_bg_color=&#8221;#B30107&#8243; button_border_radius=&#8221;10px&#8221; hover_enabled=&#8221;0&#8243; global_colors_info=&#8221;{}&#8221; theme_builder_area=&#8221;post_content&#8221; sticky_enabled=&#8221;0&#8243;][\/et_pb_button][et_pb_button button_url=&#8221;https:\/\/bibliotecaangelica.cultura.gov.it\/en\/antique-fund\/maximus-family-fund\/&#8221; button_text=&#8221;Maximus Family Collection&#8221; button_alignment=&#8221;center&#8221; _builder_version=&#8221;4.23.4&#8243; _module_preset=&#8221;default&#8221; custom_button=&#8221;on&#8221; button_text_size=&#8221;16px&#8221; button_text_color=&#8221;#FFFFFF&#8221; button_bg_color=&#8221;#B30107&#8243; button_border_radius=&#8221;10px&#8221; hover_enabled=&#8221;0&#8243; global_colors_info=&#8221;{}&#8221; theme_builder_area=&#8221;post_content&#8221; sticky_enabled=&#8221;0&#8243;][\/et_pb_button][et_pb_button button_url=&#8221;https:\/\/bibliotecaangelica.cultura.gov.it\/en\/antique-fund\/santangelo-fund-and-opera-booklets\/&#8221; button_text=&#8221;Santangelo Collection and Opera Booklets&#8221; button_alignment=&#8221;center&#8221; _builder_version=&#8221;4.23.4&#8243; _module_preset=&#8221;default&#8221; custom_button=&#8221;on&#8221; button_text_size=&#8221;16px&#8221; button_text_color=&#8221;#FFFFFF&#8221; button_bg_color=&#8221;#B30107&#8243; button_border_radius=&#8221;10px&#8221; hover_enabled=&#8221;0&#8243; global_colors_info=&#8221;{}&#8221; theme_builder_area=&#8221;post_content&#8221; sticky_enabled=&#8221;0&#8243;][\/et_pb_button][\/et_pb_column][et_pb_column type=&#8221;1_3&#8243; _builder_version=&#8221;4.23.4&#8243; _module_preset=&#8221;default&#8221; global_colors_info=&#8221;{}&#8221; theme_builder_area=&#8221;post_content&#8221;][et_pb_button button_url=&#8221;https:\/\/bibliotecaangelica.cultura.gov.it\/en\/antique-fund\/cinquecentine\/&#8221; button_text=&#8221;Cinquecentine&#8221; button_alignment=&#8221;center&#8221; _builder_version=&#8221;4.23.4&#8243; _module_preset=&#8221;default&#8221; custom_button=&#8221;on&#8221; button_text_size=&#8221;16px&#8221; button_text_color=&#8221;#FFFFFF&#8221; button_bg_color=&#8221;#B30107&#8243; button_border_radius=&#8221;10px&#8221; hover_enabled=&#8221;0&#8243; global_colors_info=&#8221;{}&#8221; theme_builder_area=&#8221;post_content&#8221; sticky_enabled=&#8221;0&#8243;][\/et_pb_button][et_pb_button button_url=&#8221;https:\/\/bibliotecaangelica.cultura.gov.it\/en\/antique-fund\/statutes-fund\/&#8221; button_text=&#8221;Statutes Fund&#8221; button_alignment=&#8221;center&#8221; _builder_version=&#8221;4.23.4&#8243; _module_preset=&#8221;default&#8221; custom_button=&#8221;on&#8221; button_text_size=&#8221;16px&#8221; button_text_color=&#8221;#FFFFFF&#8221; button_bg_color=&#8221;#B30107&#8243; button_border_radius=&#8221;10px&#8221; hover_enabled=&#8221;0&#8243; global_colors_info=&#8221;{}&#8221; theme_builder_area=&#8221;post_content&#8221; sticky_enabled=&#8221;0&#8243;][\/et_pb_button][et_pb_button button_url=&#8221;https:\/\/bibliotecaangelica.cultura.gov.it\/en\/antique-fund\/collection-of-prints-and-drawings\/&#8221; button_text=&#8221;Prints and drawings&#8221; button_alignment=&#8221;center&#8221; _builder_version=&#8221;4.23.4&#8243; _module_preset=&#8221;default&#8221; custom_button=&#8221;on&#8221; button_text_size=&#8221;16px&#8221; button_text_color=&#8221;#FFFFFF&#8221; button_bg_color=&#8221;#B30107&#8243; button_border_radius=&#8221;10px&#8221; hover_enabled=&#8221;0&#8243; global_colors_info=&#8221;{}&#8221; theme_builder_area=&#8221;post_content&#8221; sticky_enabled=&#8221;0&#8243;][\/et_pb_button][\/et_pb_column][\/et_pb_row][\/et_pb_section]<\/p>\n","protected":false},"excerpt":{"rendered":"<p><div class=\"et_pb_module zinv_drop_cap zinv_drop_cap_0  et_pb_text_align_left et_pb_bg_layout_light\">\n\t\t\t\t\n\t\t\t\t\n\t\t\t\t\n\t\t\t\t\n\t\t\t\t\n\t\t\t\t\n\t\t\t\t<div class=\"et_pb_module_inner\">\n\t\t\t\t\t<div class=\"et_pb_module zinv_drop_cap zinv_drop_cap_0  et_pb_text_align_left et_pb_bg_layout_light\">\n\t\t\t\t\n\t\t\t\t\n\t\t\t\t\n\t\t\t\t\n\t\t\t\t\n\t\t\t<\/div>\n\t\t\t\t<\/div>\n\t\t\t<\/div>The Angelica Library&#8217;s antique collection consists of more than 100,000 volumes published between the 15th and 19th centuries. There are approximately 1,100 incunabula, including: Cicero&#8217;s De Oratore, the first book printed in Italy in Subiaco in 1465 (Inc. 505\/3), St. Augustine&#8217;s De Civitate Dei, printed in Subiaco in 1467 (Inc. 149), a copy of the first Italian edition of Pliny&#8217;s Historia naturalis printed in Venice in 1476 (Inc. 530), a copy of the first edition of the Divine Comedy, printed in Foligno in 1472 (Inc. 448), and Francesco Colonna&#8217;s Hypnerotomachia Poliphili, printed by Aldo Manuzio in Venice in 1499 (Inc. 590). There are approximately 20,000 cinquecentine books, including a rare edition of Orlando Furioso, published in Ferrara in 1521 (Rari I.3.1) and Camillo Agrippa&#8217;s Trattato di scientia d&#8217;arme, published in Rome in 1553 (Rari I.5.1). The volumes by Angelo Rocca The first substantial collection consists of volumes left in the late 16th century by Angelo Rocca to the convent of Sant&#8217;Agostino. These include Aristotle&#8217;s Opera omnia in the editio princeps by Aldo Manuzio, 1495-1498. The volumes of Lucas Holstenius In 1661, approximately 3,500 volumes were added, which Lucas [&hellip;]<\/p>\n","protected":false},"author":2,"featured_media":0,"parent":0,"menu_order":0,"comment_status":"closed","ping_status":"closed","template":"","meta":{"_et_pb_use_builder":"on","_et_pb_old_content":"","_et_gb_content_width":"","_helpful_status":1,"footnotes":""},"class_list":["post-73247","page","type-page","status-publish","hentry"],"_links":{"self":[{"href":"https:\/\/bibliotecaangelica.cultura.gov.it\/en\/wp-json\/wp\/v2\/pages\/73247","targetHints":{"allow":["GET"]}}],"collection":[{"href":"https:\/\/bibliotecaangelica.cultura.gov.it\/en\/wp-json\/wp\/v2\/pages"}],"about":[{"href":"https:\/\/bibliotecaangelica.cultura.gov.it\/en\/wp-json\/wp\/v2\/types\/page"}],"author":[{"embeddable":true,"href":"https:\/\/bibliotecaangelica.cultura.gov.it\/en\/wp-json\/wp\/v2\/users\/2"}],"replies":[{"embeddable":true,"href":"https:\/\/bibliotecaangelica.cultura.gov.it\/en\/wp-json\/wp\/v2\/comments?post=73247"}],"version-history":[{"count":36,"href":"https:\/\/bibliotecaangelica.cultura.gov.it\/en\/wp-json\/wp\/v2\/pages\/73247\/revisions"}],"predecessor-version":[{"id":257515,"href":"https:\/\/bibliotecaangelica.cultura.gov.it\/en\/wp-json\/wp\/v2\/pages\/73247\/revisions\/257515"}],"wp:attachment":[{"href":"https:\/\/bibliotecaangelica.cultura.gov.it\/en\/wp-json\/wp\/v2\/media?parent=73247"}],"curies":[{"name":"wp","href":"https:\/\/api.w.org\/{rel}","templated":true}]}}